{"id":15,"date":"2023-10-24T19:41:37","date_gmt":"2023-10-24T22:41:37","guid":{"rendered":"https:\/\/agenciadnr.com.br\/?page_id=15"},"modified":"2024-11-13T10:37:57","modified_gmt":"2024-11-13T13:37:57","slug":"agencia","status":"publish","type":"page","link":"https:\/\/agenciadnr.com.br\/index.php\/agencia\/","title":{"rendered":"Ag\u00eancia"},"content":{"rendered":"\t\t<div data-elementor-type=\"wp-page\" data-elementor-id=\"15\" class=\"elementor elementor-15\" data-elementor-post-type=\"page\">\n\t\t\t\t<div class=\"elementor-element elementor-element-d0a8de1 e-flex e-con-boxed e-con e-parent\" data-id=\"d0a8de1\" data-element_type=\"container\" data-e-type=\"container\" data-settings=\"{&quot;background_background&quot;:&quot;classic&quot;}\">\n\t\t\t\t\t<div class=\"e-con-inner\">\n\t\t\t\t<div class=\"elementor-element elementor-element-d7708fe elementor-widget elementor-widget-heading\" data-id=\"d7708fe\" data-element_type=\"widget\" data-e-type=\"widget\" data-widget_type=\"heading.default\">\n\t\t\t\t<div class=\"elementor-widget-container\">\n\t\t\t\t\t<h2 class=\"elementor-heading-title elementor-size-default\">Sobre nossa Ag\u00eancia<\/h2>\t\t\t\t<\/div>\n\t\t\t\t<\/div>\n\t\t\t\t\t<\/div>\n\t\t\t\t<\/div>\n\t\t<div class=\"elementor-element elementor-element-7fc7aa3 e-flex e-con-boxed e-con e-parent\" data-id=\"7fc7aa3\" data-element_type=\"container\" data-e-type=\"container\">\n\t\t\t\t\t<div class=\"e-con-inner\">\n\t\t<div class=\"elementor-element elementor-element-a8ed1c9 e-con-full animated-slow e-flex elementor-invisible e-con e-child\" data-id=\"a8ed1c9\" data-element_type=\"container\" data-e-type=\"container\" data-settings=\"{&quot;animation&quot;:&quot;fadeInLeft&quot;}\">\n\t\t\t\t<div class=\"elementor-element elementor-element-90e9f28 elementor-widget elementor-widget-image\" data-id=\"90e9f28\" data-element_type=\"widget\" data-e-type=\"widget\" data-widget_type=\"image.default\">\n\t\t\t\t<div class=\"elementor-widget-container\">\n\t\t\t\t\t\t\t\t\t\t\t\t\t\t\t<img fetchpriority=\"high\" decoding=\"async\" width=\"800\" height=\"534\" src=\"https:\/\/agenciadnr.com.br\/wp-content\/uploads\/2023\/10\/grade-curricular-de-marketing-digital-1-1024x683.jpg\" class=\"attachment-large size-large wp-image-623\" alt=\"\" srcset=\"https:\/\/agenciadnr.com.br\/wp-content\/uploads\/2023\/10\/grade-curricular-de-marketing-digital-1-1024x683.jpg 1024w, https:\/\/agenciadnr.com.br\/wp-content\/uploads\/2023\/10\/grade-curricular-de-marketing-digital-1-300x200.jpg 300w, https:\/\/agenciadnr.com.br\/wp-content\/uploads\/2023\/10\/grade-curricular-de-marketing-digital-1-768x512.jpg 768w, https:\/\/agenciadnr.com.br\/wp-content\/uploads\/2023\/10\/grade-curricular-de-marketing-digital-1.jpg 1200w\" sizes=\"(max-width: 800px) 100vw, 800px\" \/>\t\t\t\t\t\t\t\t\t\t\t\t\t\t\t<\/div>\n\t\t\t\t<\/div>\n\t\t\t\t<\/div>\n\t\t<div class=\"elementor-element elementor-element-412df2f animated-slow e-flex e-con-boxed elementor-invisible e-con e-child\" data-id=\"412df2f\" data-element_type=\"container\" data-e-type=\"container\" data-settings=\"{&quot;animation&quot;:&quot;fadeInRight&quot;}\">\n\t\t\t\t\t<div class=\"e-con-inner\">\n\t\t\t\t<div class=\"elementor-element elementor-element-ba9696b elementor-widget elementor-widget-heading\" data-id=\"ba9696b\" data-element_type=\"widget\" data-e-type=\"widget\" data-widget_type=\"heading.default\">\n\t\t\t\t<div class=\"elementor-widget-container\">\n\t\t\t\t\t<h2 class=\"elementor-heading-title elementor-size-default\">Juntos somos mais fortes, venha descobrir como nossa ag\u00eancia se reinventa para alcan\u00e7armos feitos extraordin\u00e1rios!<\/h2>\t\t\t\t<\/div>\n\t\t\t\t<\/div>\n\t\t\t\t<div class=\"elementor-element elementor-element-50912fe elementor-widget elementor-widget-text-editor\" data-id=\"50912fe\" data-element_type=\"widget\" data-e-type=\"widget\" data-widget_type=\"text-editor.default\">\n\t\t\t\t<div class=\"elementor-widget-container\">\n\t\t\t\t\t\t\t\t\t<p>Somos uma <span data-tooltip=\"Ag\u00eancia Digital VMW\" data-position=\"top\">ag\u00eancia digital especializada na cria\u00e7\u00e3o de sites<\/span> qualificados, responsivos, com design moderno que potencializa a presen\u00e7a online de nossos clientes. Oferecemos solu\u00e7\u00f5es em marketing digital, Google Meu Neg\u00f3cio e Google Maps, impulsionando os neg\u00f3cios de pequenas e m\u00e9dias empresas de diversos setores.<\/p><p><span style=\"color: var(--e-global-color-text); font-family: var(--e-global-typography-text-font-family), Sans-serif; font-weight: var(--e-global-typography-text-font-weight); text-align: var(--text-align); font-size: 1rem;\">Nunca foi t\u00e3o <\/span><span style=\"color: #ff6600; font-family: var(--e-global-typography-text-font-family), Sans-serif; font-weight: var(--e-global-typography-text-font-weight); text-align: var(--text-align); font-size: 1rem;\">simples obter um site <\/span><span style=\"color: var(--e-global-color-text); font-family: var(--e-global-typography-text-font-family), Sans-serif; font-weight: var(--e-global-typography-text-font-weight); text-align: var(--text-align); font-size: 1rem;\">de sucesso.<\/span><\/p><p>Nossa ag\u00eancia tem como objetivo <span style=\"text-align: var(--text-align); font-size: 1rem;\">orientar <\/span><span style=\"text-align: var(--text-align); font-size: 1rem;\">e gerenciar nossos clientes em um mercado emergente e promissor.<\/span><\/p>\t\t\t\t\t\t\t\t<\/div>\n\t\t\t\t<\/div>\n\t\t\t\t\t<\/div>\n\t\t\t\t<\/div>\n\t\t\t\t\t<\/div>\n\t\t\t\t<\/div>\n\t\t<div class=\"elementor-element elementor-element-189399e e-flex e-con-boxed e-con e-parent\" data-id=\"189399e\" data-element_type=\"container\" data-e-type=\"container\">\n\t\t\t\t\t<div class=\"e-con-inner\">\n\t\t<div class=\"elementor-element elementor-element-4396adb animated-slow e-flex e-con-boxed elementor-invisible e-con e-child\" data-id=\"4396adb\" data-element_type=\"container\" data-e-type=\"container\" data-settings=\"{&quot;animation&quot;:&quot;fadeInRight&quot;}\">\n\t\t\t\t\t<div class=\"e-con-inner\">\n\t\t\t\t<div class=\"elementor-element elementor-element-d979aec elementor-widget elementor-widget-text-editor\" data-id=\"d979aec\" data-element_type=\"widget\" data-e-type=\"widget\" data-widget_type=\"text-editor.default\">\n\t\t\t\t<div class=\"elementor-widget-container\">\n\t\t\t\t\t\t\t\t\t<p><span style=\"vertical-align: inherit;\"><span style=\"vertical-align: inherit;\">Nossa <\/span><\/span><strong><span style=\"vertical-align: inherit;\"><span style=\"vertical-align: inherit;\">Ag\u00eancia Digital<\/span><\/span><\/strong><span style=\"vertical-align: inherit;\"><span style=\"vertical-align: inherit;\"> se destaca no mercado pela sua abordagem s\u00f3lida e estrat\u00e9gica, atuando na cria\u00e7\u00e3o, manuten\u00e7\u00e3o, desenvolvimento, tecnologia e gest\u00e3o de m\u00eddias sociais, utilizando plataformas interativas para assegurar resultados positivos.<\/span><\/span><\/p><p><span style=\"vertical-align: inherit;\"><span style=\"vertical-align: inherit;\">A nossa equipe \u00e9 movida pela paix\u00e3o pelo mercado digital, dedicando-se \u00e0 cria\u00e7\u00e3o de sites. Reconhecemos que cada projeto possui caracter\u00edsticas \u00fanicas, e por isso, buscamos constantemente as melhores estrat\u00e9gias e ferramentas para atender \u00e0s necessidades espec\u00edficas de nossos clientes.<\/span><\/span><\/p>\t\t\t\t\t\t\t\t<\/div>\n\t\t\t\t<\/div>\n\t\t\t\t\t<\/div>\n\t\t\t\t<\/div>\n\t\t\t\t\t<\/div>\n\t\t\t\t<\/div>\n\t\t<div class=\"elementor-element elementor-element-b16f162 e-flex e-con-boxed e-con e-parent\" data-id=\"b16f162\" data-element_type=\"container\" data-e-type=\"container\">\n\t\t\t\t\t<div class=\"e-con-inner\">\n\t\t<div class=\"elementor-element elementor-element-2cbaa7c e-con-full e-flex e-con e-child\" data-id=\"2cbaa7c\" data-element_type=\"container\" data-e-type=\"container\">\n\t\t\t\t<div class=\"elementor-element elementor-element-5f045e8 elementor-widget elementor-widget-image\" data-id=\"5f045e8\" data-element_type=\"widget\" data-e-type=\"widget\" data-widget_type=\"image.default\">\n\t\t\t\t<div class=\"elementor-widget-container\">\n\t\t\t\t\t\t\t\t\t\t\t\t\t\t\t<img decoding=\"async\" width=\"1920\" height=\"1078\" src=\"https:\/\/agenciadnr.com.br\/wp-content\/uploads\/2023\/11\/Webp.net-compress-image-10.jpg\" class=\"attachment-full size-full wp-image-1768\" alt=\"\" srcset=\"https:\/\/agenciadnr.com.br\/wp-content\/uploads\/2023\/11\/Webp.net-compress-image-10.jpg 1920w, https:\/\/agenciadnr.com.br\/wp-content\/uploads\/2023\/11\/Webp.net-compress-image-10-300x168.jpg 300w, https:\/\/agenciadnr.com.br\/wp-content\/uploads\/2023\/11\/Webp.net-compress-image-10-1024x575.jpg 1024w, https:\/\/agenciadnr.com.br\/wp-content\/uploads\/2023\/11\/Webp.net-compress-image-10-768x431.jpg 768w, https:\/\/agenciadnr.com.br\/wp-content\/uploads\/2023\/11\/Webp.net-compress-image-10-1536x862.jpg 1536w\" sizes=\"(max-width: 1920px) 100vw, 1920px\" \/>\t\t\t\t\t\t\t\t\t\t\t\t\t\t\t<\/div>\n\t\t\t\t<\/div>\n\t\t\t\t<\/div>\n\t\t<div class=\"elementor-element elementor-element-c8033ca e-con-full e-flex e-con e-child\" data-id=\"c8033ca\" data-element_type=\"container\" data-e-type=\"container\">\n\t\t\t\t<div class=\"elementor-element elementor-element-476f3c9 elementor-widget elementor-widget-image\" data-id=\"476f3c9\" data-element_type=\"widget\" data-e-type=\"widget\" data-widget_type=\"image.default\">\n\t\t\t\t<div class=\"elementor-widget-container\">\n\t\t\t\t\t\t\t\t\t\t\t\t\t\t\t<img decoding=\"async\" width=\"800\" height=\"600\" src=\"https:\/\/agenciadnr.com.br\/wp-content\/uploads\/2023\/10\/147-3-scaled-1-1024x768.jpg\" class=\"attachment-large size-large wp-image-992\" alt=\"\" srcset=\"https:\/\/agenciadnr.com.br\/wp-content\/uploads\/2023\/10\/147-3-scaled-1-1024x768.jpg 1024w, https:\/\/agenciadnr.com.br\/wp-content\/uploads\/2023\/10\/147-3-scaled-1-300x225.jpg 300w, https:\/\/agenciadnr.com.br\/wp-content\/uploads\/2023\/10\/147-3-scaled-1-768x576.jpg 768w, https:\/\/agenciadnr.com.br\/wp-content\/uploads\/2023\/10\/147-3-scaled-1.jpg 1280w\" sizes=\"(max-width: 800px) 100vw, 800px\" \/>\t\t\t\t\t\t\t\t\t\t\t\t\t\t\t<\/div>\n\t\t\t\t<\/div>\n\t\t\t\t<\/div>\n\t\t<div class=\"elementor-element elementor-element-ff373e3 e-con-full e-flex e-con e-child\" data-id=\"ff373e3\" data-element_type=\"container\" data-e-type=\"container\">\n\t\t\t\t<div class=\"elementor-element elementor-element-a176b3c elementor-widget elementor-widget-image\" data-id=\"a176b3c\" data-element_type=\"widget\" data-e-type=\"widget\" data-widget_type=\"image.default\">\n\t\t\t\t<div class=\"elementor-widget-container\">\n\t\t\t\t\t\t\t\t\t\t\t\t\t\t\t<img loading=\"lazy\" decoding=\"async\" width=\"800\" height=\"441\" src=\"https:\/\/agenciadnr.com.br\/wp-content\/uploads\/2023\/10\/Creative-Agency-Professionals-jpg.jpeg\" class=\"attachment-large size-large wp-image-924\" alt=\"\" srcset=\"https:\/\/agenciadnr.com.br\/wp-content\/uploads\/2023\/10\/Creative-Agency-Professionals-jpg.jpeg 1010w, https:\/\/agenciadnr.com.br\/wp-content\/uploads\/2023\/10\/Creative-Agency-Professionals-jpg-300x165.jpeg 300w, https:\/\/agenciadnr.com.br\/wp-content\/uploads\/2023\/10\/Creative-Agency-Professionals-jpg-768x424.jpeg 768w\" sizes=\"(max-width: 800px) 100vw, 800px\" \/>\t\t\t\t\t\t\t\t\t\t\t\t\t\t\t<\/div>\n\t\t\t\t<\/div>\n\t\t\t\t<\/div>\n\t\t<div class=\"elementor-element elementor-element-2fef243 e-con-full e-flex e-con e-child\" data-id=\"2fef243\" data-element_type=\"container\" data-e-type=\"container\">\n\t\t\t\t<\/div>\n\t\t<div class=\"elementor-element elementor-element-9638e48 e-con-full e-flex e-con e-child\" data-id=\"9638e48\" data-element_type=\"container\" data-e-type=\"container\">\n\t\t\t\t<\/div>\n\t\t<div class=\"elementor-element elementor-element-7ccd778 e-con-full e-flex e-con e-child\" data-id=\"7ccd778\" data-element_type=\"container\" data-e-type=\"container\">\n\t\t\t\t<\/div>\n\t\t\t\t\t<\/div>\n\t\t\t\t<\/div>\n\t\t\t\t<\/div>\n\t\t","protected":false},"excerpt":{"rendered":"<p>Sobre nossa Ag\u00eancia Juntos somos mais fortes, venha descobrir como nossa ag\u00eancia se reinventa para alcan\u00e7armos feitos extraordin\u00e1rios! Somos uma ag\u00eancia digital especializada na cria\u00e7\u00e3o de sites qualificados, responsivos, com design moderno que potencializa a presen\u00e7a online de nossos clientes. Oferecemos solu\u00e7\u00f5es em marketing digital, Google Meu Neg\u00f3cio e Google Maps, impulsionando os neg\u00f3cios de [&hellip;]<\/p>\n","protected":false},"author":1,"featured_media":0,"parent":0,"menu_order":0,"comment_status":"closed","ping_status":"closed","template":"","meta":{"_joinchat":[],"footnotes":""},"class_list":["post-15","page","type-page","status-publish","hentry"],"_links":{"self":[{"href":"https:\/\/agenciadnr.com.br\/index.php\/wp-json\/wp\/v2\/pages\/15","targetHints":{"allow":["GET"]}}],"collection":[{"href":"https:\/\/agenciadnr.com.br\/index.php\/wp-json\/wp\/v2\/pages"}],"about":[{"href":"https:\/\/agenciadnr.com.br\/index.php\/wp-json\/wp\/v2\/types\/page"}],"author":[{"embeddable":true,"href":"https:\/\/agenciadnr.com.br\/index.php\/wp-json\/wp\/v2\/users\/1"}],"replies":[{"embeddable":true,"href":"https:\/\/agenciadnr.com.br\/index.php\/wp-json\/wp\/v2\/comments?post=15"}],"version-history":[{"count":127,"href":"https:\/\/agenciadnr.com.br\/index.php\/wp-json\/wp\/v2\/pages\/15\/revisions"}],"predecessor-version":[{"id":2350,"href":"https:\/\/agenciadnr.com.br\/index.php\/wp-json\/wp\/v2\/pages\/15\/revisions\/2350"}],"wp:attachment":[{"href":"https:\/\/agenciadnr.com.br\/index.php\/wp-json\/wp\/v2\/media?parent=15"}],"curies":[{"name":"wp","href":"https:\/\/api.w.org\/{rel}","templated":true}]}}